{"id":21,"date":"2024-04-09T12:38:07","date_gmt":"2024-04-09T10:38:07","guid":{"rendered":"https:\/\/aug-gmbh.eu\/WP2\/?page_id=21"},"modified":"2024-04-17T13:01:56","modified_gmt":"2024-04-17T11:01:56","slug":"startseite","status":"publish","type":"page","link":"https:\/\/aug-gmbh.eu\/WP2\/","title":{"rendered":"Startseite"},"content":{"rendered":"\n<div class=\"wp-block-cover alignfull is-light hestia-clear-top-padding\"><span aria-hidden=\"true\" class=\"wp-block-cover__background has-white-background-color has-background-dim-100 has-background-dim\"><\/span><div class=\"wp-block-cover__inner-container is-layout-flow wp-block-cover-is-layout-flow\">\n<h2 class=\"wp-block-heading has-text-align-center has-text-color\" style=\"color:#3c4858\">Werte, die uns ausmachen:<\/h2>\n\n\n\n<div style=\"height:40px\" aria-hidden=\"true\" class=\"wp-block-spacer\"><\/div>\n\n\n\n<div class=\"wp-block-columns container is-layout-flex wp-container-core-columns-is-layout-9d6595d7 wp-block-columns-is-layout-flex\">\n<div class=\"wp-block-column is-layout-flow wp-block-column-is-layout-flow\"><div class=\"wp-block-image\">\n<figure class=\"aligncenter size-large\"><img decoding=\"async\" src=\"https:\/\/aug-gmbh.eu\/WP2\/wp-content\/themes\/hestia\/assets\/img\/feat1.png\" alt=\"\" class=\"wp-image-70\"\/><\/figure>\n<\/div>\n\n\n<h5 class=\"wp-block-heading has-text-align-center has-text-color\" style=\"color:#3c4858;font-size:18px\">Schnelle Reaktionszeit<\/h5>\n\n\n\n<p class=\"has-text-align-center has-text-color\" style=\"color:#999999;font-size:14px\">Schnelle Reaktionszeit ist unser Markenzeichen. In einer sich rasch ver\u00e4ndernden Welt erm\u00f6glicht sie uns, flexibel auf Kundenbed\u00fcrfnisse einzugehen, innovative L\u00f6sungen anzubieten und interne Effizienz zu st\u00e4rken. Unser Ziel ist es, in einem dynamischen Umfeld durch Agilit\u00e4t und proaktives Handeln stets an vorderster Front zu stehen.<\/p>\n\n\n\n<div style=\"height:25px\" aria-hidden=\"true\" class=\"wp-block-spacer\"><\/div>\n<\/div>\n\n\n\n<div class=\"wp-block-column is-layout-flow wp-block-column-is-layout-flow\"><div class=\"wp-block-image\">\n<figure class=\"aligncenter size-large\"><img decoding=\"async\" src=\"https:\/\/aug-gmbh.eu\/WP2\/wp-content\/themes\/hestia\/assets\/img\/feat2.png\" alt=\"\" class=\"wp-image-71\"\/><\/figure>\n<\/div>\n\n\n<h5 class=\"wp-block-heading has-text-align-center has-text-color\" style=\"color:#3c4858;font-size:18px\">Qualit\u00e4t<\/h5>\n\n\n\n<p class=\"has-text-align-center has-text-color\" style=\"color:#999999;font-size:14px\">Hervorragende Qualit\u00e4t ist nicht nur unser Standard, sondern das Herzst\u00fcck unserer Dienstleistungen. Wir legen h\u00f6chsten Wert auf Pr\u00e4zision und Sorgfalt, um sicherzustellen, dass jede Interaktion mit unseren Kunden eine Erfahrung von un\u00fcbertroffener Qualit\u00e4t ist. Unsere Verpflichtung zur Exzellenz erstreckt sich \u00fcber s\u00e4mtliche Aspekte unserer Dienstleistungen, von der Beratung bis zur Umsetzung. Mit diesem Fokus auf Qualit\u00e4t setzen wir Ma\u00dfst\u00e4be in der Dienstleistungsbranche und streben danach, die Erwartungen unserer Kunden kontinuierlich zu \u00fcbertreffen<\/p>\n\n\n\n<div style=\"height:25px\" aria-hidden=\"true\" class=\"wp-block-spacer\"><\/div>\n<\/div>\n\n\n\n<div class=\"wp-block-column is-layout-flow wp-block-column-is-layout-flow\"><div class=\"wp-block-image\">\n<figure class=\"aligncenter size-large\"><img decoding=\"async\" src=\"https:\/\/aug-gmbh.eu\/WP2\/wp-content\/themes\/hestia\/assets\/img\/feat3.png\" alt=\"\" class=\"wp-image-72\"\/><\/figure>\n<\/div>\n\n\n<h5 class=\"wp-block-heading has-text-align-center has-text-color\" style=\"color:#3c4858;font-size:18px\">Unterst\u00fctzung<\/h5>\n\n\n\n<p class=\"has-text-align-center has-text-color\" style=\"color:#999999;font-size:14px\">Bei Adam und Georg GmbH verstehen wir, dass Ihr Erfolg unsere Priorit\u00e4t ist. Unser engagiertes Team steht Ihnen mit fachkundiger Unterst\u00fctzung zur Seite, sei es beim Immobilienerwerb, der Vermietung, und Verwaltung von Objekten. Verlassen Sie sich auf uns f\u00fcr zuverl\u00e4ssige Dienstleistungen, die Ihre Bed\u00fcrfnisse optimal erf\u00fcllen. Wir sind hier, um Sie auf Ihrem Weg zum Erfolg zu begleiten.<\/p>\n\n\n\n<div style=\"height:25px\" aria-hidden=\"true\" class=\"wp-block-spacer\"><\/div>\n<\/div>\n<\/div>\n\n\n\n<div style=\"height:40px\" aria-hidden=\"true\" class=\"wp-block-spacer\"><\/div>\n<\/div><\/div>\n\n\n\n<div class=\"wp-block-columns container is-layout-flex wp-container-core-columns-is-layout-9d6595d7 wp-block-columns-is-layout-flex\">\n<div class=\"wp-block-column col-md-5 is-layout-flow wp-block-column-is-layout-flow\">\n<div style=\"height:55px\" aria-hidden=\"true\" class=\"wp-block-spacer\"><\/div>\n\n\n\n<h2 class=\"wp-block-heading\"><strong>\u00dcber Adam und Georg GmbH<\/strong><\/h2>\n\n\n\n<p>Herzlich willkommen bei Adam und Georg GmbH, Ihrem vertrauensw\u00fcrdigen Partner f\u00fcr umfassende Immobilienl\u00f6sungen. Wir sind ein etabliertes Unternehmen, das sich auf den Immobilienmarkt spezialisiert hat. Hier erfahren Sie mehr \u00fcber unsere umfangreichen T\u00e4tigkeitsbereiche<\/p>\n\n\n\n<p><strong>Immobilienservices<\/strong><\/p>\n\n\n\n<p>Unsere Kernkompetenzen im Immobiliensektor umfassen:<\/p>\n\n\n\n<ul class=\"wp-block-list\">\n<li><strong>Immobilienvermietung:<\/strong>&nbsp;Vermittlung und Verwaltung von Mietobjekten.<\/li>\n\n\n\n<li><strong>Immobilienverwaltung:<\/strong>&nbsp;Umfassende Betreuung und Pflege Ihrer Immobilien, f\u00fcr langfristige Werterhaltung.<\/li>\n<\/ul>\n\n\n\n<p><strong>Weitere Leistungen<\/strong><\/p>\n\n\n\n<ul class=\"wp-block-list\">\n<li><strong>Erwerb und Bewirtschaftung von Immobilien:<\/strong>&nbsp;Ganzheitliche Beratung und Umsetzung f\u00fcr nachhaltige Investitionen.<\/li>\n\n\n\n<li><strong>Verwaltung und Verwertung von Immobilien:<\/strong>&nbsp;Effizientes Management und gegebenenfalls Verwertung von Immobilienwerten.<\/li>\n<\/ul>\n<\/div>\n<\/div>\n","protected":false},"excerpt":{"rendered":"<p>\u00dcber Adam und Georg GmbH Herzlich willkommen bei Adam und Georg GmbH, Ihrem vertrauensw\u00fcrdigen Partner f\u00fcr umfassende Immobilienl\u00f6sungen. Wir sind ein etabliertes Unternehmen, das sich auf den Immobilienmarkt spezialisiert hat. Hier erfahren Sie mehr \u00fcber unsere umfangreichen T\u00e4tigkeitsbereiche Immobilienservices Unsere Kernkompetenzen im Immobiliensektor umfassen: Weitere Leistungen<\/p>\n","protected":false},"author":1,"featured_media":44,"parent":0,"menu_order":0,"comment_status":"closed","ping_status":"closed","template":"","meta":{"footnotes":""},"class_list":["post-21","page","type-page","status-publish","has-post-thumbnail","hentry"],"_links":{"self":[{"href":"https:\/\/aug-gmbh.eu\/WP2\/wp-json\/wp\/v2\/pages\/21","targetHints":{"allow":["GET"]}}],"collection":[{"href":"https:\/\/aug-gmbh.eu\/WP2\/wp-json\/wp\/v2\/pages"}],"about":[{"href":"https:\/\/aug-gmbh.eu\/WP2\/wp-json\/wp\/v2\/types\/page"}],"author":[{"embeddable":true,"href":"https:\/\/aug-gmbh.eu\/WP2\/wp-json\/wp\/v2\/users\/1"}],"replies":[{"embeddable":true,"href":"https:\/\/aug-gmbh.eu\/WP2\/wp-json\/wp\/v2\/comments?post=21"}],"version-history":[{"count":4,"href":"https:\/\/aug-gmbh.eu\/WP2\/wp-json\/wp\/v2\/pages\/21\/revisions"}],"predecessor-version":[{"id":71,"href":"https:\/\/aug-gmbh.eu\/WP2\/wp-json\/wp\/v2\/pages\/21\/revisions\/71"}],"wp:featuredmedia":[{"embeddable":true,"href":"https:\/\/aug-gmbh.eu\/WP2\/wp-json\/wp\/v2\/media\/44"}],"wp:attachment":[{"href":"https:\/\/aug-gmbh.eu\/WP2\/wp-json\/wp\/v2\/media?parent=21"}],"curies":[{"name":"wp","href":"https:\/\/api.w.org\/{rel}","templated":true}]}}