{"id":3,"date":"2024-04-09T09:25:38","date_gmt":"2024-04-09T07:25:38","guid":{"rendered":"http:\/\/aug-gmbh.eu\/WP2\/?page_id=3"},"modified":"2024-04-17T12:21:47","modified_gmt":"2024-04-17T10:21:47","slug":"polityka-prywatnosci","status":"publish","type":"page","link":"https:\/\/aug-gmbh.eu\/WP2\/polityka-prywatnosci\/","title":{"rendered":"Datenschutz"},"content":{"rendered":"\n<p>Vielen Dank f\u00fcr Ihr Interesse an unserer Website. Der Schutz Ihrer personenbezogenen Daten ist uns ein wichtiges Anliegen, im Folgenden finden Sie Informationen zum Umgang mit Ihren Daten, die durch Ihre Nutzung unserer Website erfasst werden. Die Verarbeitung Ihrer Daten erfolgt entsprechend den gesetzlichen Regelungen zum Datenschutz. Soweit auf andere Websites verlinkt wird, haben wir weder Einfluss noch Kontrolle auf die verlinkten Inhalte und die dortigen Datenschutzbestimmungen. Wir empfehlen, die Datenschutzerkl\u00e4rungen auf den verlinkten Webseiten zu pr\u00fcfen, um feststellen zu k\u00f6nnen, ob und in welchem Umfang personenbezogene Daten erhoben, verarbeitet, genutzt oder Dritten zug\u00e4nglich gemacht werden.<\/p>\n\n\n\n<h2 class=\"wp-block-heading\">Verantwortliche Stelle im Sinne des Datenschutzrechts<\/h2>\n\n\n\n<p>Adam und Georg GmbH<br>Pfarrer-Hennig-Str. 2, 63868 Gro\u00dfwallstadt<br><a href=\"mailto:info@aug-gmbh.eu\">info@aug-gmbh.eu<\/a><br>Tel. 0174 682 0081<\/p>\n\n\n\n<h2 class=\"wp-block-heading\">Kontaktdaten des Datenschutzbeauftragten<\/h2>\n\n\n\n<p><\/p>\n\n\n\n<p><\/p>\n\n\n\n<h3 class=\"wp-block-heading\">Begriffsbestimmungen<\/h3>\n\n\n\n<p>Unsere Datenschutzerkl\u00e4rung soll f\u00fcr jedermann einfach und verst\u00e4ndlich sein. Die Datenschutzerkl\u00e4rung nutzt in der Regel die offiziellen Begriffe der Datenschutzgrundverordnung (DSGVO). Die offiziellen Begriffsbestimmungen werden in Art. 4 DSGVO erl\u00e4utert.<\/p>\n\n\n\n<h3 class=\"wp-block-heading\">Datenverarbeitung durch den Besuch unserer Website<\/h3>\n\n\n\n<p>Wenn Sie unsere Webseiten aufrufen, ist es technisch notwendig, dass \u00fcber Ihren Internetbrowser Daten an unseren Webserver \u00fcbermittelt werden. Folgende Daten werden w\u00e4hrend einer laufenden Verbindung zur Kommunikation zwischen Ihrem Internetbrowser und unserem Webserver aufgezeichnet:<\/p>\n\n\n\n<ul class=\"wp-block-list\">\n<li>Besuchte Domain<\/li>\n\n\n\n<li>Datum und Uhrzeit der Anforderung<\/li>\n\n\n\n<li>Seite, von der aus die Datei angefordert wurde<\/li>\n\n\n\n<li>Zugriffsstatus (Datei \u00fcbertragen, Datei nicht gefunden, etc.)<\/li>\n\n\n\n<li>Verwendeter Webbrowser und verwendetes Betriebssystem<\/li>\n\n\n\n<li>IP-Adresse des anfordernden Rechners<\/li>\n\n\n\n<li>\u00fcbertragene Datenmenge<\/li>\n<\/ul>\n\n\n\n<p>Die aufgelisteten Daten erheben wir, um einen reibungslosen Verbindungsaufbau der Website zu gew\u00e4hrleisten und eine komfortable Nutzung unserer Website durch die Nutzer zu erm\u00f6glichen. Zudem dient die Logdatei der Auswertung der Systemsicherheit und -stabilit\u00e4t sowie administrativen Zwecken. Rechtsgrundlage f\u00fcr die vor\u00fcbergehende Speicherung der Daten bzw. der Logfiles ist Art. 6 Abs. 1 lit. f DSGVO.<\/p>\n\n\n\n<p>Aus Gr\u00fcnden der technischen Sicherheit, insbesondere zur Abwehr von Angriffsversuchen auf unseren Webserver, werden diese Daten von uns ggf. kurzzeitig gespeichert. Ein R\u00fcckschluss auf einzelne Personen ist uns anhand dieser Daten nicht m\u00f6glich. Nach sp\u00e4testens sieben Tagen werden die Daten durch Verk\u00fcrzung der IP-Adresse auf Domain-Ebene anonymisiert, so dass es nicht mehr m\u00f6glich ist, einen Bezug zum einzelnen Nutzer herzustellen. Es erfolgt keinerlei Auswertung dieser Daten au\u00dfer f\u00fcr statistische Zwecke in anonymisierter Form. Eine Zusammenf\u00fchrung dieser Daten mit Daten anderer Datenquellen wird nicht vorgenommen.<\/p>\n\n\n\n<h2 class=\"wp-block-heading\">Google Analytics<\/h2>\n\n\n\n<p>Unsere Website benutzt Google Analytics, einen Webanalysedienst der Google Inc. (\u201eGoogle\u201c). Google Analytics verwendet sogenannte Cookies. Das sind Textdateien, die auf Ihrem Computer gespeichert werden und die eine Analyse der Benutzung der Website durch Sie erm\u00f6glichen. Die durch das Cookie erzeugten Informationen \u00fcber Ihre Benutzung dieser Website werden in der Regel an einen Server von Google in den USA \u00fcbertragen und dort gespeichert. Wir setzen Google Analytics nur mit aktivierter IP-Anonymisierung ein. Das bedeutet, die IP-Adresse der Nutzer wird von Google innerhalb von Mitgliedstaaten der Europ\u00e4ischen Union oder in anderen Vertragsstaaten des Abkommens \u00fcber den Europ\u00e4ischen Wirtschaftsraum gek\u00fcrzt, wodurch eine Personenbeziehbarkeit ausgeschlossen werden kann. Google Inc. mit Sitz in den USA ist f\u00fcr das us-europ\u00e4ische Datenschutz\u00fcbereinkommen \u201ePrivacy Shield\u201c zertifiziert, welches die Einhaltung des in der EU geltenden Datenschutzniveaus gew\u00e4hrleistet. Die Verarbeitung erfolgt gem\u00e4\u00df Art. 6 Abs. 1 lit. f DSGVO bzw. \u00a7 15 Abs. 3 TMG auf Grundlage unseres berechtigten Interesses an der statistischen Analyse des Nutzerverhaltens zu Optimierungs- und Marketingzwecken.<\/p>\n\n\n\n<p>Im Auftrag des Betreibers dieser Website wird Google diese Informationen benutzen, um Ihre Nutzung der Website auszuwerten, um Reports \u00fcber die Websiteaktivit\u00e4ten zusammenzustellen und um weitere mit der Websitenutzung und der Internetnutzung verbundene Dienstleistungen gegen\u00fcber dem Websitebetreiber zu erbringen. Die im Rahmen von Google Analytics von Ihrem Browser \u00fcbermittelte IP-Adresse wird nicht mit anderen Daten von Google zusammengef\u00fchrt. Die Nutzungsbedingungen von Google Analytics und Informationen zum Datenschutz k\u00f6nnen \u00fcber die folgenden Links abgerufen werden:&nbsp;<a href=\"http:\/\/www.google.com\/analytics\/terms\/de.html\">http:\/\/www.google.com\/analytics\/terms\/de.html<\/a>&nbsp;sowie unter&nbsp;<a href=\"https:\/\/www.google.de\/intl\/de\/policies\/\">https:\/\/www.google.de\/intl\/de\/policies\/<\/a>.<\/p>\n\n\n\n<p>Sie k\u00f6nnen die Speicherung der Cookies durch eine entsprechende Einstellung Ihrer Browser-Software verhindern; wir weisen Sie jedoch darauf hin, dass Sie in diesem Fall gegebenenfalls nicht s\u00e4mtliche Funktionen dieser Website vollumf\u00e4nglich nutzen k\u00f6nnen. Sie k\u00f6nnen dar\u00fcber hinaus die Erfassung der durch das Cookie erzeugten und auf Ihre Nutzung der Website bezogenen Daten (inkl. Ihrer IP-Adresse) an Google sowie die Verarbeitung dieser Daten durch Google verhindern, indem Sie das unter URL&nbsp;<a href=\"http:\/\/tools.google.com\/dlpage\/gaoptout?hl=de\">http:\/\/tools.google.com\/dlpage\/gaoptout?hl=de<\/a>&nbsp;verf\u00fcgbare Browser-Plug-in herunterladen und installieren.<\/p>\n\n\n\n<p>Ein Klick auf folgenden Link verhindert die Erfassung durch Google Analytics, indem ein sogenanntes Opt-out-Cookie gesetzt wird:<\/p>\n\n\n\n<p>Deaktivierung von Google Analytics<\/p>\n\n\n\n<p>Informationen zum Umgang mit Nutzerdaten bei Google Analytics finden Sie in der Datenschutzerkl\u00e4rung von Google:<\/p>\n\n\n\n<figure class=\"wp-block-embed\"><div class=\"wp-block-embed__wrapper\">\nhttps:\/\/support.google.com\/analytics\/answer\/6004245?hl=de\n<\/div><\/figure>\n\n\n\n<h3 class=\"wp-block-heading\">Dauer der Speicherung personenbezogener Daten<\/h3>\n\n\n\n<p>Die Dauer der Speicherung von personenbezogenen Daten bemisst sich an den einschl\u00e4gigen gesetzlichen Aufbewahrungsfristen (z. B. aus dem Handelsrecht und dem Steuerrecht). Nach Ablauf der jeweiligen Frist werden die entsprechenden Daten routinem\u00e4\u00dfig gel\u00f6scht. Sofern Daten zur Vertragserf\u00fcllung oder Vertragsanbahnung erforderlich sind oder unsererseits ein berechtigtes Interesse an der Weiterspeicherung besteht, werden die Daten gel\u00f6scht, wenn Sie zu diesen Zwecken nicht mehr erforderlich sind oder Sie von Ihrem Widerrufs- oder Widerspruchsrecht Gebrauch gemacht machen.<\/p>\n\n\n\n<h3 class=\"wp-block-heading\">Ihre Rechte<\/h3>\n\n\n\n<p>Im Folgenden finden Sie Informationen dazu, welche Betroffenenrechte das geltende Datenschutzrecht Ihnen gegen\u00fcber dem Verantwortlichen hinsichtlich der Verarbeitung Ihrer personenbezogenen Daten gew\u00e4hrt:<\/p>\n\n\n\n<p>Das Recht, gem\u00e4\u00df Art. 15 DSGVO Auskunft \u00fcber Ihre von uns verarbeiteten personenbezogenen Daten zu verlangen. Insbesondere k\u00f6nnen Sie Auskunft \u00fcber die Verarbeitungszwecke, die Kategorie der personenbezogenen Daten, die Kategorien von Empf\u00e4ngern, gegen\u00fcber denen Ihre Daten offengelegt wurden oder werden, die geplante Speicherdauer, das Bestehen eines Rechts auf Berichtigung, L\u00f6schung, Einschr\u00e4nkung der Verarbeitung oder Widerspruch, das Bestehen eines Beschwerderechts, die Herkunft ihrer Daten, sofern diese nicht bei uns erhoben wurden, sowie \u00fcber das Bestehen einer automatisierten Entscheidungsfindung einschlie\u00dflich Profiling und ggf. aussagekr\u00e4ftigen Informationen zu deren Einzelheiten verlangen<\/p>\n\n\n\n<p>Das Recht, gem\u00e4\u00df Art. 16 DSGVO unverz\u00fcglich die Berichtigung unrichtiger oder Vervollst\u00e4ndigung Ihrer bei uns gespeicherten personenbezogenen Daten zu verlangen.<\/p>\n\n\n\n<p>Das Recht, gem\u00e4\u00df Art. 17 DSGVO die L\u00f6schung Ihrer bei uns gespeicherten personenbezogenen Daten zu verlangen, soweit nicht die Verarbeitung zur Aus\u00fcbung des Rechts auf freie Meinungs\u00e4u\u00dferung und Information, zur Erf\u00fcllung einer rechtlichen Verpflichtung, aus Gr\u00fcnden des \u00f6ffentlichen Interesses oder zur Geltendmachung, Aus\u00fcbung oder Verteidigung von Rechtsanspr\u00fcchen erforderlich ist.<\/p>\n\n\n\n<p>Das Recht, gem\u00e4\u00df Art. 18 DSGVO die Einschr\u00e4nkung der Verarbeitung Ihrer personenbezogenen Daten zu verlangen, soweit die Richtigkeit der Daten von Ihnen bestritten wird, die Verarbeitung unrechtm\u00e4\u00dfig ist, Sie aber deren L\u00f6schung ablehnen und wir die Daten nicht mehr ben\u00f6tigen, Sie jedoch diese zur Geltendmachung, Aus\u00fcbung oder Verteidigung von Rechtsanspr\u00fcchen ben\u00f6tigen oder Sie gem\u00e4\u00df Art. 21 DSGVO Widerspruch gegen die Verarbeitung eingelegt haben.<\/p>\n\n\n\n<p>Das Recht, gem\u00e4\u00df Art. 20 DSGVO Ihre personenbezogenen Daten, die Sie uns bereitgestellt haben, in einem strukturierten, g\u00e4ngigen und maschinenlesebaren Format zu erhalten oder die \u00dcbermittlung an einen anderen Verantwortlichen zu verlangen.<\/p>\n\n\n\n<p>Das Recht, Ihre gem\u00e4\u00df Art. 7 Abs. 3 DSGVO erteilte Einwilligung jederzeit mit Wirkung in die Zukunft gegen\u00fcber uns zu widerrufen.<\/p>\n\n\n\n<p>Das Recht, sich gem\u00e4\u00df Art. 77 DSGVO bei einer Aufsichtsbeh\u00f6rde zu beschweren. In der Regel k\u00f6nnen Sie sich hierf\u00fcr an die Aufsichtsbeh\u00f6rde des Bundeslandes unseres oben angegebenen Sitzes oder ggf. die Ihres \u00fcblichen Aufenthaltsortes oder Arbeitsplatzes wenden.<\/p>\n\n\n\n<p>Recht auf Widerruf erteilter Einwilligungen gem\u00e4\u00df Art. 7 Abs. 3 DSGVO: Sie haben das Recht, eine einmal erteilte Einwilligung in die Verarbeitung von Daten jederzeit mit Wirkung f\u00fcr die Zukunft zu widerrufen. Im Falle des Widerrufs werden wir die betroffenen Daten unverz\u00fcglich l\u00f6schen, sofern eine weitere Verarbeitung nicht auf eine Rechtsgrundlage zur einwilligungslosen Verarbeitung gest\u00fctzt werden kann. Durch den Widerruf der Einwilligung wird die Rechtm\u00e4\u00dfigkeit der aufgrund der Einwilligung bis zum Widerruf erfolgten Verarbeitung nicht ber\u00fchrt;<\/p>\n\n\n\n<h3 class=\"wp-block-heading\">Widerspruchsrecht<\/h3>\n\n\n\n<p>Sofern Ihre personenbezogenen Daten von uns auf Grundlage von berechtigten Interessen gem\u00e4\u00df Art. 6 Abs. 1 S. 1 lit. f DSGVO verarbeitet werden, haben Sie gem\u00e4\u00df Art. 21 DSGVO das Recht, Widerspruch gegen die Verarbeitung Ihrer personenbezogenen Daten einzulegen, soweit dies aus Gr\u00fcnden erfolgt, die sich aus Ihrer besonderen Situation ergeben. Soweit sich der Widerspruch gegen die Verarbeitung personenbezogener Daten zum Zwecke von Direktwerbung richtet, haben Sie ein generelles Widerspruchsrecht ohne das Erfordernis der Angabe einer besonderen Situation.<\/p>\n\n\n\n<p>M\u00f6chten Sie von Ihrem Widerrufs- oder Widerspruchsrecht Gebrauch machen, gen\u00fcgt eine E-Mail an\u00a0<a href=\"mailto:info@aug-gmbh.eu\">info@aug-gmbh.eu<\/a><\/p>\n\n\n\n<h3 class=\"wp-block-heading\">\u00c4nderungen unserer Datenschutzerkl\u00e4rung<\/h3>\n\n\n\n<p>Wir behalten uns vor, diese Datenschutzerkl\u00e4rung erforderlichenfalls unter Beachtung der geltenden Datenschutzvorschriften anzupassen bzw. zu aktualisieren. Auf diese Weise k\u00f6nnen wir sie den aktuellen rechtlichen Anforderungen anpassen und \u00c4nderungen unserer Leistungen ber\u00fccksichtigen, z. B. bei der Einf\u00fchrung neuer Services. F\u00fcr Ihren Besuch gilt die jeweils aktuellste Fassung.<\/p>\n\n\n\n<p>Stand dieser Datenschutzerkl\u00e4rung: 25.05.2018<\/p>\n","protected":false},"excerpt":{"rendered":"<p>Vielen Dank f\u00fcr Ihr Interesse an unserer Website. Der Schutz Ihrer personenbezogenen Daten ist uns ein wichtiges Anliegen, im Folgenden finden Sie Informationen zum Umgang mit Ihren Daten, die durch Ihre Nutzung unserer Website erfasst werden. Die Verarbeitung Ihrer Daten erfolgt entsprechend den gesetzlichen Regelungen zum Datenschutz. Soweit auf andere [&hellip;]<\/p>\n","protected":false},"author":1,"featured_media":0,"parent":0,"menu_order":0,"comment_status":"closed","ping_status":"open","template":"","meta":{"footnotes":""},"class_list":["post-3","page","type-page","status-publish","hentry"],"_links":{"self":[{"href":"https:\/\/aug-gmbh.eu\/WP2\/wp-json\/wp\/v2\/pages\/3","targetHints":{"allow":["GET"]}}],"collection":[{"href":"https:\/\/aug-gmbh.eu\/WP2\/wp-json\/wp\/v2\/pages"}],"about":[{"href":"https:\/\/aug-gmbh.eu\/WP2\/wp-json\/wp\/v2\/types\/page"}],"author":[{"embeddable":true,"href":"https:\/\/aug-gmbh.eu\/WP2\/wp-json\/wp\/v2\/users\/1"}],"replies":[{"embeddable":true,"href":"https:\/\/aug-gmbh.eu\/WP2\/wp-json\/wp\/v2\/comments?post=3"}],"version-history":[{"count":3,"href":"https:\/\/aug-gmbh.eu\/WP2\/wp-json\/wp\/v2\/pages\/3\/revisions"}],"predecessor-version":[{"id":65,"href":"https:\/\/aug-gmbh.eu\/WP2\/wp-json\/wp\/v2\/pages\/3\/revisions\/65"}],"wp:attachment":[{"href":"https:\/\/aug-gmbh.eu\/WP2\/wp-json\/wp\/v2\/media?parent=3"}],"curies":[{"name":"wp","href":"https:\/\/api.w.org\/{rel}","templated":true}]}}